{"id":2,"date":"2016-05-10T03:48:21","date_gmt":"2016-05-10T03:48:21","guid":{"rendered":"http:\/\/uryanhizirocagi.com\/?page_id=2"},"modified":"2020-11-11T19:59:34","modified_gmt":"2020-11-11T19:59:34","slug":"sample-page","status":"publish","type":"page","link":"http:\/\/www.uryanhizirocagi.com\/?page_id=2","title":{"rendered":"Kurucu \u00dcyeler"},"content":{"rendered":"\n<p><strong>\u0130mam Ali \u00c7okta\u015far<\/strong><br>-1944 y\u0131l\u0131nda d\u00fcnyaya gelmi\u015ftir. Ad\u0131yaman&#8217;a ba\u011fl\u0131 Ahmet Hoca k\u00f6y\u00fcne kay\u0131tl\u0131d\u0131r.<br><br><strong>Musa Canpolat<\/strong><br>-1957 y\u0131l\u0131nda d\u00fcnyaya gelmi\u015ftir. Erzincan&#8217;a ba\u011fl\u0131 Tercan il\u00e7esine kay\u0131tl\u0131d\u0131r. Aile b\u00fcy\u00fckleri Tercan il\u00e7esinin Yaylac\u0131k k\u00f6y\u00fcne eski ad\u0131 ile \u00c7\u0131nar k\u00f6y\u00fcne ba\u011fl\u0131d\u0131r.<br><br><strong>Mahmut Akbaba<\/strong><br>-1966 y\u0131l\u0131nda d\u00fcnyaya gelmi\u015ftir. Erzurum&#8217;a ba\u011fl\u0131 A\u015fkale il\u00e7esine kay\u0131tl\u0131d\u0131r. Aile b\u00fcy\u00fckleri A\u015fkale il\u00e7esinin Hac\u0131hamza k\u00f6y\u00fcne ba\u011fl\u0131d\u0131r.<br><br><strong>Veli B\u00fcy\u00fck\u015fahin<\/strong><br>-1971 y\u0131l\u0131nda d\u00fcnyaya gelmi\u015ftir. Ad\u0131yaman&#8217;a ba\u011fl\u0131 \u00c7elikhan il\u00e7esine kay\u0131tl\u0131d\u0131r. Aile b\u00fcy\u00fckleri \u00c7elikhan il\u00e7esinin P\u0131narba\u015f\u0131 beldesi eski ad\u0131 ile Bulam k\u00f6y\u00fcne ba\u011fl\u0131d\u0131r.<br><br><strong>Co\u015fkun \u00c7elebi<\/strong><br>-1975 y\u0131l\u0131nda d\u00fcnyaya gelmi\u015ftir. Ankara iline kay\u0131tl\u0131d\u0131r. Aile b\u00fcy\u00fckleri Tercan il\u00e7esinin Be\u011fendik k\u00f6y\u00fc eski ad\u0131 ile Vartik k\u00f6y\u00fcne ba\u011fl\u0131d\u0131r.<br><br><strong>Cem Akbaba<\/strong><br>-1984 y\u0131l\u0131nda d\u00fcnyaya gelmi\u015ftir. \u0130stanbul&#8217;a ba\u011fl\u0131 \u015ei\u015fli il\u00e7esine kay\u0131tl\u0131d\u0131r. Aile b\u00fcy\u00fckleri A\u015fkale il\u00e7esinin Hac\u0131hamza k\u00f6y\u00fcne ba\u011fl\u0131d\u0131r.<br><br><strong>Can Ye\u015filyurt<\/strong><br>-1990 y\u0131l\u0131nda d\u00fcnyaya gelmi\u015ftir. \u0130stanbul&#8217;a ba\u011fl\u0131 \u00dcsk\u00fcdar il\u00e7esine kay\u0131tl\u0131d\u0131r. Aile b\u00fcy\u00fckleri Tercan il\u00e7esinin Elald\u0131 k\u00f6y\u00fcne ba\u011fl\u0131d\u0131r.<\/p>\n","protected":false},"excerpt":{"rendered":"<p>\u0130mam Ali \u00c7okta\u015far-1944 y\u0131l\u0131nda d\u00fcnyaya gelmi\u015ftir. Ad\u0131yaman&#8217;a ba\u011fl\u0131 Ahmet Hoca k\u00f6y\u00fcne kay\u0131tl\u0131d\u0131r. Musa Canpolat-1957 y\u0131l\u0131nda d\u00fcnyaya gelmi\u015ftir. Erzincan&#8217;a ba\u011fl\u0131 Tercan il\u00e7esine kay\u0131tl\u0131d\u0131r. Aile b\u00fcy\u00fckleri Tercan<\/p>\n","protected":false},"author":1,"featured_media":0,"parent":31,"menu_order":0,"comment_status":"closed","ping_status":"open","template":"","meta":{"footnotes":""},"class_list":["post-2","page","type-page","status-publish","hentry"],"_links":{"self":[{"href":"http:\/\/www.uryanhizirocagi.com\/index.php?rest_route=\/wp\/v2\/pages\/2","targetHints":{"allow":["GET"]}}],"collection":[{"href":"http:\/\/www.uryanhizirocagi.com\/index.php?rest_route=\/wp\/v2\/pages"}],"about":[{"href":"http:\/\/www.uryanhizirocagi.com\/index.php?rest_route=\/wp\/v2\/types\/page"}],"author":[{"embeddable":true,"href":"http:\/\/www.uryanhizirocagi.com\/index.php?rest_route=\/wp\/v2\/users\/1"}],"replies":[{"embeddable":true,"href":"http:\/\/www.uryanhizirocagi.com\/index.php?rest_route=%2Fwp%2Fv2%2Fcomments&post=2"}],"version-history":[{"count":3,"href":"http:\/\/www.uryanhizirocagi.com\/index.php?rest_route=\/wp\/v2\/pages\/2\/revisions"}],"predecessor-version":[{"id":30,"href":"http:\/\/www.uryanhizirocagi.com\/index.php?rest_route=\/wp\/v2\/pages\/2\/revisions\/30"}],"up":[{"embeddable":true,"href":"http:\/\/www.uryanhizirocagi.com\/index.php?rest_route=\/wp\/v2\/pages\/31"}],"wp:attachment":[{"href":"http:\/\/www.uryanhizirocagi.com\/index.php?rest_route=%2Fwp%2Fv2%2Fmedia&parent=2"}],"curies":[{"name":"wp","href":"https:\/\/api.w.org\/{rel}","templated":true}]}}