{"id":19,"date":"2020-10-24T15:40:41","date_gmt":"2020-10-24T15:40:41","guid":{"rendered":"http:\/\/uryanhizirocagi.com\/?page_id=19"},"modified":"2020-11-11T19:57:09","modified_gmt":"2020-11-11T19:57:09","slug":"dernek-hakkinda","status":"publish","type":"page","link":"http:\/\/www.uryanhizirocagi.com\/?page_id=19","title":{"rendered":"Dernek Hakk\u0131nda"},"content":{"rendered":"\n<p>Temmuz 2016 y\u0131l\u0131nda \u00dcryan H\u0131z\u0131r&#8217;\u0131n soyundan gelen evlatlar\u0131 taraf\u0131ndan kurulmu\u015ftur. Kurulu\u015ftaki amac\u0131 \u00dcryan H\u0131z\u0131r evlatlar\u0131n\u0131, taliplerini ve inanc\u0131m\u0131za sahip olan canlar\u0131 bir araya getirmek ve yolumuzun gerekliliklerine g\u00f6re inanc\u0131m\u0131z\u0131 ya\u015fatmaya \u00e7al\u0131\u015fmakt\u0131r.<\/p>\n\n\n\n<p>Kurulu\u015f a\u015famas\u0131nda gerek dedelerimiz gerekse taliplerimiz taraf\u0131ndan b\u00fcy\u00fck ilgi ve destek g\u00f6rd\u00fck. Kuruluncaya dek bir \u00e7ok \u00e7al\u0131\u015fma ger\u00e7ekle\u015ftirdik. Bir \u00e7o\u011fumuz aile ve i\u015f hayat\u0131ndan \u00f6d\u00fcn verdi. \u00c7al\u0131\u015fmalar\u0131m\u0131z neticesinde \u00dcryan H\u0131z\u0131r Oca\u011f\u0131 Alevi K\u00fclt\u00fcr Derne\u011fi&#8217;ni kurmu\u015f bulunmaktay\u0131z. Dernek \u00e7al\u0131\u015fmalar\u0131m\u0131za kuruldu\u011fumuz tarihten g\u00fcn\u00fcm\u00fcze dek hi\u00e7 durmadan devam ediyoruz.<\/p>\n\n\n\n<p>Derne\u011fimiz ilk olarak Hobyar Mah. Cemal Nadir Cad. B Milashan Blok No: 24\/328 Fatih\/\u0130STANBUL adresinde faaliyete ge\u00e7mi\u015ftir. Daha sonras\u0131nda Eyl\u00fcl 2018 tarihinde g\u00fcncel adresimiz olan \u0130n\u00f6n\u00fc Mah. Hakimiyet Sok. No: 13\/A Sancaktepe\/\u0130STANBUL adresine ta\u015f\u0131nm\u0131\u015ft\u0131r.<br><br>Derne\u011fimizin geleneksel hale getirmi\u015f oldu\u011fu \u00dcryan H\u0131z\u0131r Oca\u011f\u0131 ziyaretimizi her y\u0131l Temmuz ay\u0131nda ger\u00e7ekle\u015ftirmekteyiz. T\u00fcrbe ziyaretimizin yan\u0131 s\u0131ra kurbanlar\u0131m\u0131z\u0131, adaklar\u0131m\u0131z\u0131 t\u0131\u011flay\u0131p cem ibadetimizi yap\u0131yoruz. Bu ziyarete yaln\u0131zca \u0130stanbul&#8217;daki dernek \u00fcyeleri olarak de\u011fil bir \u00e7ok ilden gelen dede ve taliplerimiz kat\u0131l\u0131m sa\u011flamaktad\u0131r.<\/p>\n\n\n\n<p>\u00dcryan H\u0131z\u0131r, Tunceli ilinin Pertek il\u00e7esinde Dorutay k\u00f6y\u00fcndedir. K\u00f6y\u00fcn eski ad\u0131 Zeve&#8217;dir. K\u00f6y sakinlerinin bir \u00e7o\u011fu taliptir. \u0130nan\u00e7lar\u0131na ve dedelerine sahip \u00e7\u0131kmaktad\u0131rlar. \u00dcryan H\u0131z\u0131r t\u00fcrbesine y\u0131llarca bu k\u00f6yde ya\u015fayan insanlar sahip \u00e7\u0131km\u0131\u015f ve bakm\u0131\u015flard\u0131r.<\/p>\n\n\n\n<p><\/p>\n\n\n\n<p><\/p>\n","protected":false},"excerpt":{"rendered":"<p>Temmuz 2016 y\u0131l\u0131nda \u00dcryan H\u0131z\u0131r&#8217;\u0131n soyundan gelen evlatlar\u0131 taraf\u0131ndan kurulmu\u015ftur. Kurulu\u015ftaki amac\u0131 \u00dcryan H\u0131z\u0131r evlatlar\u0131n\u0131, taliplerini ve inanc\u0131m\u0131za sahip olan canlar\u0131 bir araya getirmek ve<\/p>\n","protected":false},"author":1,"featured_media":0,"parent":31,"menu_order":0,"comment_status":"closed","ping_status":"closed","template":"","meta":{"footnotes":""},"class_list":["post-19","page","type-page","status-publish","hentry"],"_links":{"self":[{"href":"http:\/\/www.uryanhizirocagi.com\/index.php?rest_route=\/wp\/v2\/pages\/19","targetHints":{"allow":["GET"]}}],"collection":[{"href":"http:\/\/www.uryanhizirocagi.com\/index.php?rest_route=\/wp\/v2\/pages"}],"about":[{"href":"http:\/\/www.uryanhizirocagi.com\/index.php?rest_route=\/wp\/v2\/types\/page"}],"author":[{"embeddable":true,"href":"http:\/\/www.uryanhizirocagi.com\/index.php?rest_route=\/wp\/v2\/users\/1"}],"replies":[{"embeddable":true,"href":"http:\/\/www.uryanhizirocagi.com\/index.php?rest_route=%2Fwp%2Fv2%2Fcomments&post=19"}],"version-history":[{"count":5,"href":"http:\/\/www.uryanhizirocagi.com\/index.php?rest_route=\/wp\/v2\/pages\/19\/revisions"}],"predecessor-version":[{"id":27,"href":"http:\/\/www.uryanhizirocagi.com\/index.php?rest_route=\/wp\/v2\/pages\/19\/revisions\/27"}],"up":[{"embeddable":true,"href":"http:\/\/www.uryanhizirocagi.com\/index.php?rest_route=\/wp\/v2\/pages\/31"}],"wp:attachment":[{"href":"http:\/\/www.uryanhizirocagi.com\/index.php?rest_route=%2Fwp%2Fv2%2Fmedia&parent=19"}],"curies":[{"name":"wp","href":"https:\/\/api.w.org\/{rel}","templated":true}]}}