{"id":155,"date":"2020-12-22T21:18:43","date_gmt":"2020-12-22T21:18:43","guid":{"rendered":"http:\/\/www.uryanhizirocagi.com\/?page_id=155"},"modified":"2020-12-22T21:21:00","modified_gmt":"2020-12-22T21:21:00","slug":"kategoriler","status":"publish","type":"page","link":"http:\/\/www.uryanhizirocagi.com\/?page_id=155","title":{"rendered":"Kategoriler"},"content":{"rendered":"<ul class=\"wp-block-categories-list wp-block-categories\">\t<li class=\"cat-item cat-item-5\"><a href=\"http:\/\/www.uryanhizirocagi.com\/?cat=5\">Alevilik<\/a>\n<\/li>\n\t<li class=\"cat-item cat-item-1\"><a href=\"http:\/\/www.uryanhizirocagi.com\/?cat=1\">Beyitler<\/a>\n<\/li>\n\t<li class=\"cat-item cat-item-6\"><a href=\"http:\/\/www.uryanhizirocagi.com\/?cat=6\">Takvim<\/a>\n<\/li>\n\t<li class=\"cat-item cat-item-4\"><a href=\"http:\/\/www.uryanhizirocagi.com\/?cat=4\">\u00dcryan H\u0131z\u0131r<\/a>\n<\/li>\n<\/ul>","protected":false},"excerpt":{"rendered":"","protected":false},"author":1,"featured_media":0,"parent":0,"menu_order":0,"comment_status":"closed","ping_status":"closed","template":"","meta":{"footnotes":""},"class_list":["post-155","page","type-page","status-publish","hentry"],"_links":{"self":[{"href":"http:\/\/www.uryanhizirocagi.com\/index.php?rest_route=\/wp\/v2\/pages\/155","targetHints":{"allow":["GET"]}}],"collection":[{"href":"http:\/\/www.uryanhizirocagi.com\/index.php?rest_route=\/wp\/v2\/pages"}],"about":[{"href":"http:\/\/www.uryanhizirocagi.com\/index.php?rest_route=\/wp\/v2\/types\/page"}],"author":[{"embeddable":true,"href":"http:\/\/www.uryanhizirocagi.com\/index.php?rest_route=\/wp\/v2\/users\/1"}],"replies":[{"embeddable":true,"href":"http:\/\/www.uryanhizirocagi.com\/index.php?rest_route=%2Fwp%2Fv2%2Fcomments&post=155"}],"version-history":[{"count":2,"href":"http:\/\/www.uryanhizirocagi.com\/index.php?rest_route=\/wp\/v2\/pages\/155\/revisions"}],"predecessor-version":[{"id":157,"href":"http:\/\/www.uryanhizirocagi.com\/index.php?rest_route=\/wp\/v2\/pages\/155\/revisions\/157"}],"wp:attachment":[{"href":"http:\/\/www.uryanhizirocagi.com\/index.php?rest_route=%2Fwp%2Fv2%2Fmedia&parent=155"}],"curies":[{"name":"wp","href":"https:\/\/api.w.org\/{rel}","templated":true}]}}